{"id":2769,"date":"2026-03-28T11:18:50","date_gmt":"2026-03-28T10:18:50","guid":{"rendered":"https:\/\/www.kotly-prievidza.sk\/?page_id=2769"},"modified":"2026-03-30T14:45:24","modified_gmt":"2026-03-30T13:45:24","slug":"nova-kategoria-spojovaci-material-a-chemia","status":"publish","type":"page","link":"https:\/\/www.kotly-prievidza.sk\/?page_id=2769","title":{"rendered":"Nov\u00e1 Kateg\u00f3ria Spojovac\u00ed Materi\u00e1l a Ch\u00e9mia"},"content":{"rendered":"<p>[et_pb_section fb_built=&#8220;1&#8243; _builder_version=&#8220;4.27.6&#8243; _module_preset=&#8220;default&#8220; global_colors_info=&#8220;{}&#8220;][\/et_pb_section][et_pb_section fb_built=&#8220;1&#8243; _builder_version=&#8220;4.27.6&#8243; _module_preset=&#8220;default&#8220; global_colors_info=&#8220;{}&#8220;][et_pb_row column_structure=&#8220;1_4,1_4,1_4,1_4&#8243; _builder_version=&#8220;4.16&#8243; custom_padding=&#8220;0px|0px|80px|0px&#8220; animation_style=&#8220;fade&#8220; global_colors_info=&#8220;{}&#8220;][et_pb_column type=&#8220;1_4&#8243; _builder_version=&#8220;4.16&#8243; custom_padding=&#8220;|||&#8220; global_colors_info=&#8220;{}&#8220; custom_padding__hover=&#8220;|||&#8220;][et_pb_blurb title=&#8220;Silik\u00f3n a Tmel &#8220; url_new_window=&#8220;on&#8220; image=&#8220;https:\/\/www.kotly-prievidza.sk\/wp-content\/uploads\/2026\/03\/silikon.png&#8220; _builder_version=&#8220;4.27.6&#8243; header_level=&#8220;h2&#8243; background_color=&#8220;rgba(244,244,244,0.35)&#8220; text_orientation=&#8220;center&#8220; text_shadow_style=&#8220;preset1&#8243; global_colors_info=&#8220;{}&#8220;]<\/p>\n<p style=\"text-align: center;\">Sanit\u00e1rne, Transparentn\u00e9, Farebn\u00e9, Tmely a in\u00e9\u00a0<\/p>\n<p>[\/et_pb_blurb][\/et_pb_column][et_pb_column type=&#8220;1_4&#8243; _builder_version=&#8220;4.16&#8243; custom_padding=&#8220;|||&#8220; global_colors_info=&#8220;{}&#8220; custom_padding__hover=&#8220;|||&#8220;][et_pb_blurb title=&#8220;Polymerov\u00e9 lepidlo&#8220; url_new_window=&#8220;on&#8220; image=&#8220;https:\/\/www.kotly-prievidza.sk\/wp-content\/uploads\/2026\/03\/tec7-produkty-350&#215;341-1.png&#8220; _builder_version=&#8220;4.27.6&#8243; header_level=&#8220;h2&#8243; background_color=&#8220;rgba(244,244,244,0.35)&#8220; text_orientation=&#8220;center&#8220; text_shadow_style=&#8220;preset1&#8243; global_colors_info=&#8220;{}&#8220;]<\/p>\n<p style=\"text-align: center;\">Extra siln\u00e9 a lepiace a tmeliace aj pod vodou<\/p>\n<p>[\/et_pb_blurb][\/et_pb_column][et_pb_column type=&#8220;1_4&#8243; _builder_version=&#8220;4.16&#8243; custom_padding=&#8220;|||&#8220; global_colors_info=&#8220;{}&#8220; custom_padding__hover=&#8220;|||&#8220;][et_pb_blurb title=&#8220;Chemick\u00e1 kotva&#8220; url_new_window=&#8220;on&#8220; image=&#8220;https:\/\/www.kotly-prievidza.sk\/wp-content\/uploads\/2026\/03\/chemicka-kotva.jpg&#8220; _builder_version=&#8220;4.27.6&#8243; header_level=&#8220;h2&#8243; background_color=&#8220;rgba(244,244,244,0.35)&#8220; text_orientation=&#8220;center&#8220; text_shadow_style=&#8220;preset1&#8243; global_colors_info=&#8220;{}&#8220;]<\/p>\n<p style=\"text-align: center;\"><span>Vysokopevnostn\u00e9 dvojzlo\u017ekov\u00e9 lepidlo na kotvenie z\u00e1vitov\u00fdch ty\u010d\u00ed, svorn\u00edkov a v\u00fdstu\u017e\u00ed do bet\u00f3nu, teh\u00e1l \u010di kame\u0148a, ide\u00e1lne pre extr\u00e9mne za\u0165a\u017eenie bez rozpern\u00fdch tlakov<\/span><\/p>\n<p>[\/et_pb_blurb][\/et_pb_column][et_pb_column type=&#8220;1_4&#8243; _builder_version=&#8220;4.16&#8243; custom_padding=&#8220;|||&#8220; global_colors_info=&#8220;{}&#8220; custom_padding__hover=&#8220;|||&#8220;][et_pb_blurb title=&#8220;Silik\u00f3nnov\u00fd sprej &#8220; url_new_window=&#8220;on&#8220; image=&#8220;https:\/\/www.kotly-prievidza.sk\/wp-content\/uploads\/2026\/03\/silikon-gt7.webp&#8220; image_icon_width=&#8220;82%&#8220; icon_alignment=&#8220;left&#8220; _builder_version=&#8220;4.27.6&#8243; header_level=&#8220;h2&#8243; background_color=&#8220;rgba(244,244,244,0.35)&#8220; text_orientation=&#8220;center&#8220; text_shadow_style=&#8220;preset1&#8243; global_colors_info=&#8220;{}&#8220;]<\/p>\n<p style=\"text-align: center;\"><span>Odpudzuje vlhkos\u0165: zabra\u0148uje prenikaniu vlhkosti na kontakty el.strojov, zariaden\u00ed a elektroin\u0161tal\u00e1ci\u00ed. Odstra\u0148uje hrdzu. Uvo\u013e\u0148uje stuhnut\u00e9 spoje<\/span><\/p>\n<p>[\/et_pb_blurb][\/et_pb_column][\/et_pb_row][\/et_pb_section][et_pb_section fb_built=&#8220;1&#8243; _builder_version=&#8220;4.27.6&#8243; _module_preset=&#8220;default&#8220; global_colors_info=&#8220;{}&#8220;][et_pb_row column_structure=&#8220;1_4,1_4,1_4,1_4&#8243; _builder_version=&#8220;4.16&#8243; custom_padding=&#8220;0px|0px|80px|0px&#8220; animation_style=&#8220;fade&#8220; global_colors_info=&#8220;{}&#8220;][et_pb_column type=&#8220;1_4&#8243; _builder_version=&#8220;4.16&#8243; custom_padding=&#8220;|||&#8220; global_colors_info=&#8220;{}&#8220; custom_padding__hover=&#8220;|||&#8220;][et_pb_blurb title=&#8220;PUR Pena&#8220; url_new_window=&#8220;on&#8220; _builder_version=&#8220;4.27.6&#8243; header_level=&#8220;h2&#8243; background_color=&#8220;rgba(244,244,244,0.35)&#8220; text_orientation=&#8220;center&#8220; text_shadow_style=&#8220;preset1&#8243; global_colors_info=&#8220;{}&#8220; title_text=&#8220;pur pena&#8220; image=&#8220;https:\/\/www.kotly-prievidza.sk\/wp-content\/uploads\/2026\/03\/pur-pena.webp&#8220;]<\/p>\n<p style=\"text-align: center;\">Hadi\u010dkov\u00e9, pi\u0161tolov\u00e9, n\u00edzko-expanzn\u00e9, stud\u0148ov\u00e9<\/p>\n<p>[\/et_pb_blurb][\/et_pb_column][et_pb_column type=&#8220;1_4&#8243; _builder_version=&#8220;4.16&#8243; custom_padding=&#8220;|||&#8220; global_colors_info=&#8220;{}&#8220; custom_padding__hover=&#8220;|||&#8220;][et_pb_blurb title=&#8220;Plynov\u00e9 kartu\u0161e\u00a0&#8220; url_new_window=&#8220;on&#8220; _builder_version=&#8220;4.27.6&#8243; header_level=&#8220;h2&#8243; background_color=&#8220;rgba(244,244,244,0.35)&#8220; text_orientation=&#8220;center&#8220; hover_enabled=&#8220;0&#8243; text_shadow_style=&#8220;preset1&#8243; global_colors_info=&#8220;{}&#8220; title_text=&#8220;plynova kartusa&#8220; image=&#8220;https:\/\/www.kotly-prievidza.sk\/wp-content\/uploads\/2026\/03\/plynova-kartusa.webp&#8220; sticky_enabled=&#8220;0&#8243;]<\/p>\n<p style=\"text-align: center;\">Hobby, profi n\u00e1plne,\u00a0 regul\u00e1tory na LPG, hadica kysl\u00edk\/plyn<\/p>\n<p>[\/et_pb_blurb][\/et_pb_column][et_pb_column type=&#8220;1_4&#8243; _builder_version=&#8220;4.16&#8243; custom_padding=&#8220;|||&#8220; global_colors_info=&#8220;{}&#8220; custom_padding__hover=&#8220;|||&#8220;][et_pb_blurb title=&#8220;Bakt\u00e9rie\u00a0&#8220; url_new_window=&#8220;on&#8220; _builder_version=&#8220;4.27.6&#8243; header_level=&#8220;h2&#8243; background_color=&#8220;rgba(244,244,244,0.35)&#8220; text_orientation=&#8220;center&#8220; hover_enabled=&#8220;0&#8243; text_shadow_style=&#8220;preset1&#8243; global_colors_info=&#8220;{}&#8220; title_text=&#8220;baktoma_produkty&#8220; image=&#8220;https:\/\/www.kotly-prievidza.sk\/wp-content\/uploads\/2026\/03\/baktoma_produkty.jpg&#8220; sticky_enabled=&#8220;0&#8243;]<\/p>\n<p style=\"text-align: center;\">Na ekologick\u00e9 rozklady vhodn\u00e9 do kompostu, latr\u00edn, sif\u00f3nov, septikov a \u017e\u00famp, jazierok<\/p>\n<p>[\/et_pb_blurb][\/et_pb_column][et_pb_column type=&#8220;1_4&#8243; _builder_version=&#8220;4.16&#8243; custom_padding=&#8220;|||&#8220; global_colors_info=&#8220;{}&#8220; custom_padding__hover=&#8220;|||&#8220;][et_pb_blurb title=&#8220;Farby laky&#8220; url_new_window=&#8220;on&#8220; _builder_version=&#8220;4.27.6&#8243; header_level=&#8220;h2&#8243; background_color=&#8220;rgba(244,244,244,0.35)&#8220; text_orientation=&#8220;center&#8220; hover_enabled=&#8220;0&#8243; text_shadow_style=&#8220;preset1&#8243; global_colors_info=&#8220;{}&#8220; title_text=&#8220;happy color&#8220; image=&#8220;https:\/\/www.kotly-prievidza.sk\/wp-content\/uploads\/2026\/03\/happy-color.jpg&#8220; sticky_enabled=&#8220;0&#8243;]<\/p>\n<p style=\"text-align: center;\">Z\u00e1kladne\/vrchn\u00e9, farebn\u00e9\/transparent\u00e9<\/p>\n<p>[\/et_pb_blurb][\/et_pb_column][\/et_pb_row][\/et_pb_section][et_pb_section fb_built=&#8220;1&#8243; _builder_version=&#8220;4.27.6&#8243; _module_preset=&#8220;default&#8220; global_colors_info=&#8220;{}&#8220;][et_pb_row column_structure=&#8220;1_4,1_4,1_4,1_4&#8243; _builder_version=&#8220;4.16&#8243; custom_padding=&#8220;0px|0px|80px|0px&#8220; animation_style=&#8220;fade&#8220; global_colors_info=&#8220;{}&#8220;][et_pb_column type=&#8220;1_4&#8243; _builder_version=&#8220;4.16&#8243; custom_padding=&#8220;|||&#8220; global_colors_info=&#8220;{}&#8220; custom_padding__hover=&#8220;|||&#8220;][et_pb_blurb title=&#8220;Hmo\u017ediny&#8220; url_new_window=&#8220;on&#8220; _builder_version=&#8220;4.27.6&#8243; header_level=&#8220;h2&#8243; background_color=&#8220;rgba(244,244,244,0.35)&#8220; text_orientation=&#8220;center&#8220; hover_enabled=&#8220;0&#8243; text_shadow_style=&#8220;preset1&#8243; global_colors_info=&#8220;{}&#8220; title_text=&#8220;fisher&#8220; image=&#8220;https:\/\/www.kotly-prievidza.sk\/wp-content\/uploads\/2026\/03\/fisher.png&#8220; sticky_enabled=&#8220;0&#8243;]<\/p>\n<p style=\"text-align: center;\">Sortiment fischer pon\u00faka univerz\u00e1lne a \u0161peci\u00e1lne plastov\u00e9 a kovov\u00e9 hmo\u017edinky\u00a0do r\u00f4znych stavebn\u00fdch materi\u00e1lov a pre najrozmanitej\u0161ie aplik\u00e1cie<\/p>\n<p>[\/et_pb_blurb][\/et_pb_column][et_pb_column type=&#8220;1_4&#8243; _builder_version=&#8220;4.16&#8243; custom_padding=&#8220;|||&#8220; global_colors_info=&#8220;{}&#8220; custom_padding__hover=&#8220;|||&#8220;][et_pb_blurb title=&#8220;Kombi skrutky&#8220; url_new_window=&#8220;on&#8220; _builder_version=&#8220;4.27.6&#8243; header_level=&#8220;h2&#8243; background_color=&#8220;rgba(244,244,244,0.35)&#8220; text_orientation=&#8220;center&#8220; hover_enabled=&#8220;0&#8243; text_shadow_style=&#8220;preset1&#8243; global_colors_info=&#8220;{}&#8220; title_text=&#8220;kombi skrutka&#8220; image=&#8220;https:\/\/www.kotly-prievidza.sk\/wp-content\/uploads\/2026\/03\/kombi-skrutka.png&#8220; sticky_enabled=&#8220;0&#8243;]<\/p>\n<p style=\"text-align: center;\">Skrutky, matice, spojovacie matice, podlo\u017eky\u00a0<\/p>\n<p>[\/et_pb_blurb][\/et_pb_column][et_pb_column type=&#8220;1_4&#8243; _builder_version=&#8220;4.16&#8243; custom_padding=&#8220;|||&#8220; global_colors_info=&#8220;{}&#8220; custom_padding__hover=&#8220;|||&#8220;][et_pb_blurb title=&#8220;Konzoly&#8220; url_new_window=&#8220;on&#8220; _builder_version=&#8220;4.27.6&#8243; header_level=&#8220;h2&#8243; background_color=&#8220;rgba(244,244,244,0.35)&#8220; text_orientation=&#8220;center&#8220; hover_enabled=&#8220;0&#8243; text_shadow_style=&#8220;preset1&#8243; global_colors_info=&#8220;{}&#8220; title_text=&#8220;W1_A_I_04_997-LEICHTE-ROHRBEFESTIGUNG_SALL_AQQ_V2&#8243; image=&#8220;https:\/\/www.kotly-prievidza.sk\/wp-content\/uploads\/2026\/03\/W1_A_I_04_997-LEICHTE-ROHRBEFESTIGUNG_SALL_AQQ_V2.webp&#8220; sticky_enabled=&#8220;0&#8243;]<\/p>\n<p style=\"text-align: center;\">Konzoly, obj\u00edmky, a in\u00e9 zavesne syst\u00e9my<\/p>\n<p>[\/et_pb_blurb][\/et_pb_column][et_pb_column type=&#8220;1_4&#8243; _builder_version=&#8220;4.16&#8243; custom_padding=&#8220;|||&#8220; global_colors_info=&#8220;{}&#8220; custom_padding__hover=&#8220;|||&#8220;][et_pb_blurb title=&#8220;HT a PVC Lepidla&#8220; url_new_window=&#8220;on&#8220; _builder_version=&#8220;4.27.6&#8243; header_level=&#8220;h2&#8243; background_color=&#8220;rgba(244,244,244,0.35)&#8220; text_orientation=&#8220;center&#8220; hover_enabled=&#8220;0&#8243; text_shadow_style=&#8220;preset1&#8243; global_colors_info=&#8220;{}&#8220; title_text=&#8220;pvc lepidlo&#8220; image=&#8220;https:\/\/www.kotly-prievidza.sk\/wp-content\/uploads\/2026\/03\/pvc-lepidlo.jpg&#8220; image_icon_width=&#8220;47%&#8220; sticky_enabled=&#8220;0&#8243;]<\/p>\n<p style=\"text-align: center;\">Mont\u00e1\u017ene maziv\u00e1, lepidla, tesniace nite, p\u00e1sky, izola\u010dn\u00e9 elektrik\u00e1rske p\u00e1sky, densolenove a in\u00e9\u00a0<\/p>\n<p>[\/et_pb_blurb][\/et_pb_column][\/et_pb_row][\/et_pb_section]<\/p>\n","protected":false},"excerpt":{"rendered":"<p>Sanit\u00e1rne, Transparentn\u00e9, Farebn\u00e9, Tmely a in\u00e9\u00a0Extra siln\u00e9 a lepiace a tmeliace aj pod vodouVysokopevnostn\u00e9 dvojzlo\u017ekov\u00e9 lepidlo na kotvenie z\u00e1vitov\u00fdch ty\u010d\u00ed, svorn\u00edkov a v\u00fdstu\u017e\u00ed do bet\u00f3nu, teh\u00e1l \u010di kame\u0148a, ide\u00e1lne pre extr\u00e9mne za\u0165a\u017eenie bez rozpern\u00fdch tlakovOdpudzuje vlhkos\u0165: zabra\u0148uje prenikaniu vlhkosti na kontakty el.strojov, zariaden\u00ed a elektroin\u0161tal\u00e1ci\u00ed. Odstra\u0148uje hrdzu. Uvo\u013e\u0148uje stuhnut\u00e9 spojeHadi\u010dkov\u00e9, pi\u0161tolov\u00e9, n\u00edzko-expanzn\u00e9, stud\u0148ov\u00e9Hobby, profi n\u00e1plne,\u00a0 [&hellip;]<\/p>\n","protected":false},"author":5,"featured_media":0,"parent":0,"menu_order":0,"comment_status":"closed","ping_status":"closed","template":"","meta":{"_et_pb_use_builder":"on","_et_pb_old_content":"","_et_gb_content_width":"","footnotes":""},"class_list":["post-2769","page","type-page","status-publish","hentry"],"_links":{"self":[{"href":"https:\/\/www.kotly-prievidza.sk\/index.php?rest_route=\/wp\/v2\/pages\/2769","targetHints":{"allow":["GET"]}}],"collection":[{"href":"https:\/\/www.kotly-prievidza.sk\/index.php?rest_route=\/wp\/v2\/pages"}],"about":[{"href":"https:\/\/www.kotly-prievidza.sk\/index.php?rest_route=\/wp\/v2\/types\/page"}],"author":[{"embeddable":true,"href":"https:\/\/www.kotly-prievidza.sk\/index.php?rest_route=\/wp\/v2\/users\/5"}],"replies":[{"embeddable":true,"href":"https:\/\/www.kotly-prievidza.sk\/index.php?rest_route=%2Fwp%2Fv2%2Fcomments&post=2769"}],"version-history":[{"count":10,"href":"https:\/\/www.kotly-prievidza.sk\/index.php?rest_route=\/wp\/v2\/pages\/2769\/revisions"}],"predecessor-version":[{"id":2847,"href":"https:\/\/www.kotly-prievidza.sk\/index.php?rest_route=\/wp\/v2\/pages\/2769\/revisions\/2847"}],"wp:attachment":[{"href":"https:\/\/www.kotly-prievidza.sk\/index.php?rest_route=%2Fwp%2Fv2%2Fmedia&parent=2769"}],"curies":[{"name":"wp","href":"https:\/\/api.w.org\/{rel}","templated":true}]}}